{"id":586,"date":"2016-12-29T12:56:56","date_gmt":"2016-12-29T17:56:56","guid":{"rendered":"https:\/\/workerscompadvocates.com\/noticias\/"},"modified":"2023-11-24T21:10:36","modified_gmt":"2023-11-25T02:10:36","slug":"noticias","status":"publish","type":"page","link":"https:\/\/workerscompadvocates.com\/es\/noticias\/","title":{"rendered":"Noticias"},"content":{"rendered":"<!--themify_builder_content-->\n<div id=\"themify_builder_content-586\" data-postid=\"586\" class=\"themify_builder_content themify_builder_content-586 themify_builder tf_clear\">\n                    <div  data-lazy=\"1\" class=\"module_row themify_builder_row tb_rga8566 tb_first tf_w\">\n                        <div class=\"row_inner col_align_top tb_col_count_1 tf_box tf_rel\">\n                        <div  data-lazy=\"1\" class=\"module_column tb-column col-full   tb_arvp501 first\">\n                    <!-- module post -->\n<div  class=\"module module-post tb_m42q036 \">\n    <div  class=\"builder-posts-wrap loops-wrapper list-post classic tf_clear tf_clearfix\" data-lazy=\"1\">\n    <article id=\"post-3069\" class=\"post tf_clearfix post-3069 type-post status-publish format-standard has-post-thumbnail hentry category-indemnizacion-por-accidente-laboral tag-indemnizacion-de-los-trabajadores-2 has-post-title has-post-date has-post-category has-post-tag has-post-comment has-post-author \">\n\t    \n\t                <figure class=\"post-image tf_clearfix\">\n                                                            <a href=\"https:\/\/workerscompadvocates.com\/es\/el-tribunal-supremo-de-pensilvania-se-pronuncia-sobre-la-notificacion-a-los-empresarios-individuales\/\">\n                                        <img loading=\"lazy\" decoding=\"async\" src=\"https:\/\/workerscompadvocates.com\/wp-content\/uploads\/2026\/03\/pa-supreme-court-sole-proprietor-notice-ruling-2026-1024x683-820x440.webp\" width=\"820\" height=\"440\" class=\"wp-post-image wp-image-3070\" title=\"Norma de notificaci\u00f3n del Tribunal Supremo de Pensilvania para empresarios individuales (2026)\" alt=\"Sala del Tribunal Supremo de Pensilvania con un mazo y un texto sobre los requisitos de notificaci\u00f3n para los empresarios individuales\">                                                                    <\/a>\n                                                                <\/figure>\n                    \t<div class=\"post-content\">\n\t\t<div class=\"post-content-inner\">\n\n\t\t\t\t\t\t\t\t<div class=\"post-date-wrap\">\n\t\t<time class=\"post-date entry-date updated\" datetime=\"2026-03-31\">\n\t\t\t\t\t\t\t\t<span class=\"day\">31<\/span> <span class=\"day\">31<\/span> <span class=\"month\">marzo<\/span> <span class=\"year\">2026<\/span> \t\t\t\t<\/time>\n\t<\/div><!-- .post-date-wrap -->\n\t\t\t\t\n\t\t\t<h2 class=\"post-title entry-title\"><a href=\"https:\/\/workerscompadvocates.com\/es\/el-tribunal-supremo-de-pensilvania-se-pronuncia-sobre-la-notificacion-a-los-empresarios-individuales\/\">El Tribunal Supremo de Pensilvania se pronuncia sobre la notificaci\u00f3n a los empresarios individuales<\/a><\/h2>\n\t\t\t\n\t\t\t\n\t\t\t        <div class=\"entry-content\">\n\n        \n            <p>El Tribunal Supremo de Pensilvania dictamina que los empresarios individuales no necesitan avisar a las aseguradoras en un plazo de 120 d\u00edas para obtener prestaciones de compensaci\u00f3n de trabajadores. Ent\u00e9rate de lo que esto significa. <\/p>\n\n                \n            \n        <\/div><!-- \/.entry-content -->\n        \n\t\t<\/div>\n\t\t<!-- \/.post-content-inner -->\n\t<\/div>\n\t<!-- \/.post-content -->\n\t\n<\/article>\n<!-- \/.post -->\n<article id=\"post-3053\" class=\"post tf_clearfix post-3053 type-post status-publish format-standard has-post-thumbnail hentry category-indemnizacion-por-accidente-laboral tag-indemnizacion-de-los-trabajadores-2 has-post-title has-post-date has-post-category has-post-tag has-post-comment has-post-author \">\n\t    \n\t                <figure class=\"post-image tf_clearfix\">\n                                                            <a href=\"https:\/\/workerscompadvocates.com\/es\/tribunal-se-admiten-peticiones-de-sancion-por-facturas-medicas-impagadas\/\">\n                                        <img loading=\"lazy\" decoding=\"async\" src=\"https:\/\/workerscompadvocates.com\/wp-content\/uploads\/2026\/03\/pennsylvania-workers-comp-penalty-petition-unpaid-medical-bills-commonwealth-court-1024x683-820x440.webp\" width=\"820\" height=\"440\" class=\"wp-post-image wp-image-3054\" title=\"El Tribunal de la Commonwealth de Pensilvania admite peticiones de sanci\u00f3n por facturas m\u00e9dicas impagadas de indemnizaci\u00f3n por accidente laboral\" alt=\"Imagen compuesta que muestra el edificio del Tribunal de la Commonwealth de Pensilvania, una factura m\u00e9dica con el sello &quot;PAST DUE&quot; (vencida) con el importe del saldo adeudado, el mazo de un juez y un trabajador lesionado que utiliza muletas, representando una sentencia judicial que permite las peticiones de sanci\u00f3n por facturas m\u00e9dicas de compensaci\u00f3n de trabajadores impagadas.\">                                                                    <\/a>\n                                                                <\/figure>\n                    \t<div class=\"post-content\">\n\t\t<div class=\"post-content-inner\">\n\n\t\t\t\t\t\t\t\t<div class=\"post-date-wrap\">\n\t\t<time class=\"post-date entry-date updated\" datetime=\"2026-03-12\">\n\t\t\t\t\t\t\t\t<span class=\"day\">12<\/span> <span class=\"day\">12<\/span> <span class=\"month\">marzo<\/span> <span class=\"year\">2026<\/span> \t\t\t\t<\/time>\n\t<\/div><!-- .post-date-wrap -->\n\t\t\t\t\n\t\t\t<h2 class=\"post-title entry-title\"><a href=\"https:\/\/workerscompadvocates.com\/es\/tribunal-se-admiten-peticiones-de-sancion-por-facturas-medicas-impagadas\/\">Tribunal: Se admiten peticiones de sanci\u00f3n por facturas m\u00e9dicas impagadas<\/a><\/h2>\n\t\t\t\n\t\t\t\n\t\t\t        <div class=\"entry-content\">\n\n        \n            <p>El Tribunal de la Commonwealth de Pensilvania confirma que los trabajadores lesionados pueden presentar peticiones de sanci\u00f3n cuando los empresarios no pagan las facturas m\u00e9dicas de la indemnizaci\u00f3n por accidente laboral.<\/p>\n\n                \n            \n        <\/div><!-- \/.entry-content -->\n        \n\t\t<\/div>\n\t\t<!-- \/.post-content-inner -->\n\t<\/div>\n\t<!-- \/.post-content -->\n\t\n<\/article>\n<!-- \/.post -->\n<article id=\"post-3027\" class=\"post tf_clearfix post-3027 type-post status-publish format-standard has-post-thumbnail hentry category-indemnizacion-por-accidente-laboral tag-indemnizacion-de-los-trabajadores-2 has-post-title has-post-date has-post-category has-post-tag has-post-comment has-post-author \">\n\t    \n\t                <figure class=\"post-image tf_clearfix\">\n                                                            <a href=\"https:\/\/workerscompadvocates.com\/es\/tribunal-no-hay-honorarios-de-abogado-contra-el-fondo-de-seguridad\/\">\n                                        <img loading=\"lazy\" decoding=\"async\" src=\"https:\/\/workerscompadvocates.com\/wp-content\/uploads\/2026\/02\/pa-commonwealth-court-security-fund-no-attorney-fees-workers-compensation-820x440.webp\" width=\"820\" height=\"440\" class=\"wp-post-image wp-image-3028\" title=\"El Tribunal de la Commonwealth de Pensilvania dictamina que el Fondo de Seguridad no es responsable de los honorarios de los abogados\" alt=\"El Tribunal de la Commonwealth de Pensilvania dictamina que el Fondo de Seguridad no es responsable de los honorarios de los abogados\">                                                                    <\/a>\n                                                                <\/figure>\n                    \t<div class=\"post-content\">\n\t\t<div class=\"post-content-inner\">\n\n\t\t\t\t\t\t\t\t<div class=\"post-date-wrap\">\n\t\t<time class=\"post-date entry-date updated\" datetime=\"2026-02-26\">\n\t\t\t\t\t\t\t\t<span class=\"day\">26<\/span> <span class=\"day\">26<\/span> <span class=\"month\">febrero<\/span> <span class=\"year\">2026<\/span> \t\t\t\t<\/time>\n\t<\/div><!-- .post-date-wrap -->\n\t\t\t\t\n\t\t\t<h2 class=\"post-title entry-title\"><a href=\"https:\/\/workerscompadvocates.com\/es\/tribunal-no-hay-honorarios-de-abogado-contra-el-fondo-de-seguridad\/\">Tribunal: No hay honorarios de abogado contra el Fondo de Seguridad<\/a><\/h2>\n\t\t\t\n\t\t\t\n\t\t\t        <div class=\"entry-content\">\n\n        \n            <p>El Tribunal de la Commonwealth de Pensilvania ha dictaminado que no se puede ordenar al Fondo de Seguridad de Indemnizaci\u00f3n por Accidentes de Trabajo que pague los honorarios de los abogados en virtud del art\u00edculo 440, ni siquiera cuando un trabajador lesionado gana una petici\u00f3n impugnada. Ent\u00e9rate de lo que significa la sentencia de Parrish contra Yeager Supply para los litigios de revisi\u00f3n de utilizaci\u00f3n y las demandas contra aseguradoras insolventes. <\/p>\n\n                \n            \n        <\/div><!-- \/.entry-content -->\n        \n\t\t<\/div>\n\t\t<!-- \/.post-content-inner -->\n\t<\/div>\n\t<!-- \/.post-content -->\n\t\n<\/article>\n<!-- \/.post -->\n<article id=\"post-3010\" class=\"post tf_clearfix post-3010 type-post status-publish format-standard has-post-thumbnail hentry category-sin-categorizar tag-indemnizacion-de-los-trabajadores-2 has-post-title has-post-date has-post-category has-post-tag has-post-comment has-post-author \">\n\t    \n\t                <figure class=\"post-image tf_clearfix\">\n                                                            <a href=\"https:\/\/workerscompadvocates.com\/es\/el-aceite-de-cbd-y-los-casos-de-indemnizacion-laboral-en-pensilvania\/\">\n                                        <img loading=\"lazy\" decoding=\"async\" src=\"https:\/\/workerscompadvocates.com\/wp-content\/uploads\/2026\/02\/CBD-Oil-PA-workers-compensation-cases-820x440.webp\" width=\"820\" height=\"440\" class=\"wp-post-image wp-image-3011\" title=\"El aceite de CBD y los casos de indemnizaci\u00f3n por accidente laboral en AP - El Tribunal Supremo ampl\u00eda la cobertura\" alt=\"Frasco de aceite de CBD con cuentagotas rodeado de hierbas y remedios naturales, con el texto &quot;Aceite de CBD y casos de indemnizaci\u00f3n por accidente laboral en AP - Ampliaci\u00f3n del acceso a servicios sanitarios alternativos&quot;.\">                                                                    <\/a>\n                                                                <\/figure>\n                    \t<div class=\"post-content\">\n\t\t<div class=\"post-content-inner\">\n\n\t\t\t\t\t\t\t\t<div class=\"post-date-wrap\">\n\t\t<time class=\"post-date entry-date updated\" datetime=\"2026-02-19\">\n\t\t\t\t\t\t\t\t<span class=\"day\">19<\/span> <span class=\"day\">19<\/span> <span class=\"month\">febrero<\/span> <span class=\"year\">2026<\/span> \t\t\t\t<\/time>\n\t<\/div><!-- .post-date-wrap -->\n\t\t\t\t\n\t\t\t<h2 class=\"post-title entry-title\"><a href=\"https:\/\/workerscompadvocates.com\/es\/el-aceite-de-cbd-y-los-casos-de-indemnizacion-laboral-en-pensilvania\/\">El aceite de CBD y los casos de indemnizaci\u00f3n laboral en Pensilvania<\/a><\/h2>\n\t\t\t\n\t\t\t\n\t\t\t        <div class=\"entry-content\">\n\n        \n            <p>El Tribunal Supremo de Pensilvania ampl\u00eda la cobertura de la indemnizaci\u00f3n por accidente laboral para el aceite de CBD y los tratamientos potencialmente no tradicionales prescritos para lesiones laborales.<\/p>\n\n                \n            \n        <\/div><!-- \/.entry-content -->\n        \n\t\t<\/div>\n\t\t<!-- \/.post-content-inner -->\n\t<\/div>\n\t<!-- \/.post-content -->\n\t\n<\/article>\n<!-- \/.post -->\n<article id=\"post-2518\" class=\"post tf_clearfix post-2518 type-post status-publish format-standard has-post-thumbnail hentry category-indemnizacion-por-accidente-laboral tag-indemnizacion-de-los-trabajadores-2 has-post-title has-post-date has-post-category has-post-tag has-post-comment has-post-author \">\n\t    \n\t                <figure class=\"post-image tf_clearfix\">\n                                                            <a href=\"https:\/\/workerscompadvocates.com\/es\/que-significa-ime-en-la-indemnizacion-por-accidente-de-trabajo-de-pensilvania\/\">\n                                        <img loading=\"lazy\" decoding=\"async\" src=\"https:\/\/workerscompadvocates.com\/wp-content\/uploads\/2025\/11\/what-does-ime-mean-pennsylvania-workers-compensation-featured-1024x576-820x440.webp\" width=\"820\" height=\"440\" class=\"wp-post-image wp-image-2520\" title=\"\u00bfQu\u00e9 significa el reconocimiento m\u00e9dico independiente en la indemnizaci\u00f3n por accidente de trabajo de Pensilvania? Gu\u00eda del reconocimiento m\u00e9dico independiente 2025\" alt=\"Trabajador lesionado con el brazo escayolado rellena formularios mientras el m\u00e9dico de la compa\u00f1\u00eda de seguros revisa el historial m\u00e9dico durante el reconocimiento m\u00e9dico independiente (IME) de la indemnizaci\u00f3n por accidente laboral de Pensilvania.\">                                                                    <\/a>\n                                                                <\/figure>\n                    \t<div class=\"post-content\">\n\t\t<div class=\"post-content-inner\">\n\n\t\t\t\t\t\t\t\t<div class=\"post-date-wrap\">\n\t\t<time class=\"post-date entry-date updated\" datetime=\"2025-11-20\">\n\t\t\t\t\t\t\t\t<span class=\"day\">20<\/span> <span class=\"day\">20<\/span> <span class=\"month\">noviembre<\/span> <span class=\"year\">2025<\/span> \t\t\t\t<\/time>\n\t<\/div><!-- .post-date-wrap -->\n\t\t\t\t\n\t\t\t<h2 class=\"post-title entry-title\"><a href=\"https:\/\/workerscompadvocates.com\/es\/que-significa-ime-en-la-indemnizacion-por-accidente-de-trabajo-de-pensilvania\/\">\u00bfQu\u00e9 significa IME en la indemnizaci\u00f3n por accidente de trabajo de Pensilvania?<\/a><\/h2>\n\t\t\t\n\t\t\t\n\t\t\t        <div class=\"entry-content\">\n\n        \n            <p>Sufres una lesi\u00f3n laboral en Pensilvania. Presentas una reclamaci\u00f3n de indemnizaci\u00f3n por accidente laboral y quiz\u00e1 empieces a recibir prestaciones. Entonces la compa\u00f1\u00eda de seguros programa un Reconocimiento M\u00e9dico Independiente, o IME. Muchas b\u00fasquedas en Internet muestran confusi\u00f3n sobre el significado de un IME en Pensilvania. Esta gu\u00eda explica exactamente qu\u00e9 significa un IME, por [&hellip;]<\/p>\n\n                \n            \n        <\/div><!-- \/.entry-content -->\n        \n\t\t<\/div>\n\t\t<!-- \/.post-content-inner -->\n\t<\/div>\n\t<!-- \/.post-content -->\n\t\n<\/article>\n<!-- \/.post -->\n    <\/div><!-- .builder-posts-wrap -->\n                                <link rel=\"prefetch\" as=\"document\" href=\"https:\/\/workerscompadvocates.com\/es\/wp-json\/wp\/v2\/pages\/586\/page\/2\/\"\/><div class=\"pagenav tf_clear tf_box tf_textr tf_clearfix \"> <span class=\"number current\">1<\/span> <a href=\"https:\/\/workerscompadvocates.com\/es\/wp-json\/wp\/v2\/pages\/586\/page\/2\/\" class=\"number\">2<\/a> <a href=\"https:\/\/workerscompadvocates.com\/es\/wp-json\/wp\/v2\/pages\/586\/page\/3\/\" class=\"number\">3<\/a> <a href=\"https:\/\/workerscompadvocates.com\/es\/wp-json\/wp\/v2\/pages\/586\/page\/4\/\" class=\"number\">4<\/a><a href=\"https:\/\/workerscompadvocates.com\/es\/wp-json\/wp\/v2\/pages\/586\/page\/2\/\"  class=\"number nextp\">&rsaquo;<\/a><a href=\"https:\/\/workerscompadvocates.com\/es\/wp-json\/wp\/v2\/pages\/586\/page\/13\/\" title=\"&raquo;\" class=\"number lastp\">&raquo;<\/a><\/div>                <\/div>\n<!-- \/module post -->\n            <\/div>\n                        <\/div>\n        <\/div>\n        <\/div>\n<!--\/themify_builder_content-->\n","protected":false},"excerpt":{"rendered":"","protected":false},"author":1,"featured_media":0,"parent":0,"menu_order":0,"comment_status":"closed","ping_status":"closed","template":"","meta":{"footnotes":""},"class_list":["post-586","page","type-page","status-publish","hentry","has-post-title","has-post-date","has-post-category","has-post-tag","has-post-comment","has-post-author",""],"aioseo_notices":[],"builder_content":"","_links":{"self":[{"href":"https:\/\/workerscompadvocates.com\/es\/wp-json\/wp\/v2\/pages\/586","targetHints":{"allow":["GET"]}}],"collection":[{"href":"https:\/\/workerscompadvocates.com\/es\/wp-json\/wp\/v2\/pages"}],"about":[{"href":"https:\/\/workerscompadvocates.com\/es\/wp-json\/wp\/v2\/types\/page"}],"author":[{"embeddable":true,"href":"https:\/\/workerscompadvocates.com\/es\/wp-json\/wp\/v2\/users\/1"}],"replies":[{"embeddable":true,"href":"https:\/\/workerscompadvocates.com\/es\/wp-json\/wp\/v2\/comments?post=586"}],"version-history":[{"count":1,"href":"https:\/\/workerscompadvocates.com\/es\/wp-json\/wp\/v2\/pages\/586\/revisions"}],"predecessor-version":[{"id":590,"href":"https:\/\/workerscompadvocates.com\/es\/wp-json\/wp\/v2\/pages\/586\/revisions\/590"}],"wp:attachment":[{"href":"https:\/\/workerscompadvocates.com\/es\/wp-json\/wp\/v2\/media?parent=586"}],"curies":[{"name":"wp","href":"https:\/\/api.w.org\/{rel}","templated":true}]}}