{"id":584,"date":"2023-07-18T16:01:03","date_gmt":"2023-07-18T21:01:03","guid":{"rendered":"https:\/\/workerscompadvocates.com\/politica-de-privacidad\/"},"modified":"2023-11-24T21:10:42","modified_gmt":"2023-11-25T02:10:42","slug":"politica-de-privacidad","status":"publish","type":"page","link":"https:\/\/workerscompadvocates.com\/es\/politica-de-privacidad\/","title":{"rendered":"Pol\u00edtica de privacidad"},"content":{"rendered":"\n<p><strong>Confidencialidad<\/strong><\/p>\n\n<p>Este aviso de privacidad revela las pr\u00e1cticas de privacidad de www.workerscompadvocates.com. Este aviso de privacidad se aplica \u00fanicamente a la informaci\u00f3n recogida por este sitio web. Le notificar\u00e1 lo siguiente:<br\/><strong>1.<\/strong> Qu\u00e9 informaci\u00f3n personal identificable se recopila de usted a trav\u00e9s del sitio web, c\u00f3mo se utiliza y con qui\u00e9n puede compartirse.<br\/><strong>2. <\/strong>De qu\u00e9 opciones dispone en relaci\u00f3n con el uso de sus datos.<br\/><strong>3.<\/strong> Los procedimientos de seguridad establecidos para proteger el uso indebido de su informaci\u00f3n.<br\/><strong>4.<\/strong> C\u00f3mo puede corregir cualquier inexactitud en la informaci\u00f3n.<\/p>\n\n<p><strong>Recogida, uso e intercambio de informaci\u00f3n<\/strong><\/p>\n\n<p>Somos los \u00fanicos propietarios de la informaci\u00f3n recogida en este sitio. S\u00f3lo tenemos acceso a la informaci\u00f3n que usted nos facilita voluntariamente por correo electr\u00f3nico u otro medio de contacto directo. No venderemos ni alquilaremos esta informaci\u00f3n a nadie.<\/p>\n\n<p>Utilizaremos sus datos para responderle en relaci\u00f3n con el motivo por el que se puso en contacto con nosotros. No compartiremos su informaci\u00f3n con terceros ajenos a nuestra organizaci\u00f3n, salvo cuando sea necesario para satisfacer su solicitud, por ejemplo, para enviar un pedido.<\/p>\n\n<p>Utilizaremos sus datos para responderle en relaci\u00f3n con el motivo por el que se puso en contacto con nosotros. No compartiremos su informaci\u00f3n con terceros ajenos a nuestra organizaci\u00f3n, salvo cuando sea necesario para satisfacer su solicitud, por ejemplo, para enviar un pedido.<\/p>\n\n<p><strong>Acceso y control de la informaci\u00f3n<\/strong><\/p>\n\n<p>En cualquier momento puede optar por que no le contactemos en el futuro. Puede hacer lo siguiente en cualquier momento poni\u00e9ndose en contacto con nosotros a trav\u00e9s de la direcci\u00f3n de correo electr\u00f3nico o el n\u00famero de tel\u00e9fono que figuran en nuestro sitio web:<\/p>\n\n<ul class=\"wp-block-list\">\n<li>Ver qu\u00e9 datos tenemos sobre usted, si los hay.<\/li>\n\n\n\n<li>Modificar\/corregir cualquier dato que tengamos sobre usted.<\/li>\n\n\n\n<li>Pedirnos que borremos los datos que tenemos sobre usted.<\/li>\n\n\n\n<li>Expresar cualquier preocupaci\u00f3n que tenga sobre el uso que hacemos de sus datos.<\/li>\n<\/ul>\n\n<p><strong>Seguridad<\/strong><\/p>\n\n<p>Tomamos precauciones para proteger su informaci\u00f3n. Cuando env\u00eda informaci\u00f3n sensible a trav\u00e9s del sitio web, sus datos est\u00e1n protegidos tanto en l\u00ednea como fuera de l\u00ednea.<\/p>\n\n<p>Siempre que recopilamos informaci\u00f3n sensible (como datos de tarjetas de cr\u00e9dito), esa informaci\u00f3n se codifica y se nos transmite de forma segura. Puede comprobarlo buscando un icono de candado en la barra de direcciones y buscando \u00abhttps\u00bb al principio de la direcci\u00f3n de la p\u00e1gina web.<\/p>\n\n<p>Aunque utilizamos el cifrado para proteger la informaci\u00f3n confidencial transmitida en l\u00ednea, tambi\u00e9n protegemos su informaci\u00f3n fuera de l\u00ednea. S\u00f3lo los empleados que necesitan la informaci\u00f3n para realizar un trabajo espec\u00edfico (por ejemplo, facturaci\u00f3n o atenci\u00f3n al cliente) tienen acceso a la informaci\u00f3n de identificaci\u00f3n personal. Los ordenadores\/servidores en los que almacenamos informaci\u00f3n personal identificable se mantienen en un entorno seguro.<\/p>\n\n<p><strong>Si cree que no estamos cumpliendo esta pol\u00edtica de privacidad, p\u00f3ngase en contacto con nosotros inmediatamente por tel\u00e9fono en el (215) 609-4183 o por correo electr\u00f3nico.<\/strong><\/p>\n<p><!--themify_builder_static--><!--\/themify_builder_static--><\/p>\n<!-- wp:themify-builder\/canvas \/-->","protected":false},"excerpt":{"rendered":"<p>Confidencialidad Este aviso de privacidad revela las pr\u00e1cticas de privacidad de www.workerscompadvocates.com. Este aviso de privacidad se aplica \u00fanicamente a la informaci\u00f3n recogida por este sitio web. Le notificar\u00e1 lo siguiente:1. Qu\u00e9 informaci\u00f3n personal identificable se recopila de usted a trav\u00e9s del sitio web, c\u00f3mo se utiliza y con qui\u00e9n puede compartirse.2. De qu\u00e9 opciones [&hellip;]<\/p>\n","protected":false},"author":1,"featured_media":0,"parent":0,"menu_order":0,"comment_status":"closed","ping_status":"open","template":"","meta":{"footnotes":""},"class_list":["post-584","page","type-page","status-publish","hentry","has-post-title","has-post-date","has-post-category","has-post-tag","has-post-comment","has-post-author",""],"aioseo_notices":[],"builder_content":"","_links":{"self":[{"href":"https:\/\/workerscompadvocates.com\/es\/wp-json\/wp\/v2\/pages\/584","targetHints":{"allow":["GET"]}}],"collection":[{"href":"https:\/\/workerscompadvocates.com\/es\/wp-json\/wp\/v2\/pages"}],"about":[{"href":"https:\/\/workerscompadvocates.com\/es\/wp-json\/wp\/v2\/types\/page"}],"author":[{"embeddable":true,"href":"https:\/\/workerscompadvocates.com\/es\/wp-json\/wp\/v2\/users\/1"}],"replies":[{"embeddable":true,"href":"https:\/\/workerscompadvocates.com\/es\/wp-json\/wp\/v2\/comments?post=584"}],"version-history":[{"count":2,"href":"https:\/\/workerscompadvocates.com\/es\/wp-json\/wp\/v2\/pages\/584\/revisions"}],"predecessor-version":[{"id":589,"href":"https:\/\/workerscompadvocates.com\/es\/wp-json\/wp\/v2\/pages\/584\/revisions\/589"}],"wp:attachment":[{"href":"https:\/\/workerscompadvocates.com\/es\/wp-json\/wp\/v2\/media?parent=584"}],"curies":[{"name":"wp","href":"https:\/\/api.w.org\/{rel}","templated":true}]}}